{"id":1623,"date":"2022-09-20T12:42:39","date_gmt":"2022-09-20T05:42:39","guid":{"rendered":"https:\/\/edumaenglish.edu.vn\/?page_id=1623"},"modified":"2022-09-26T12:30:43","modified_gmt":"2022-09-26T05:30:43","slug":"privacy-policy","status":"publish","type":"page","link":"https:\/\/edumaenglish.edu.vn\/en\/privacy-policy\/","title":{"rendered":"privacy-policy"},"content":{"rendered":"<h2 style=\"text-align: center;\">Ch\u00ednh S\u00e1ch B\u1ea3o M\u1eadt Th\u00f4ng Tin Kh\u00e1ch H\u00e0ng<\/h2>\n<p><strong>1. M\u1ee5c \u0111\u00edch thu th\u1eadp th\u00f4ng tin c\u00e1 nh\u00e2n;<\/strong><br \/>\nT\u1ea1i Eduma Vietnam, ch\u00fang t\u00f4i coi vi\u1ec7c b\u1ea3o v\u1ec7 th\u00f4ng tin c\u00e1 nh\u00e2n c\u1ee7a b\u1ea1n l\u00e0 \u01b0u ti\u00ean h\u00e0ng \u0111\u1ea7u. Ch\u00fang t\u00f4i hi\u1ec3u ho\u00e0n to\u00e0n r\u1eb1ng th\u00f4ng tin c\u00e1 nh\u00e2n c\u1ee7a b\u1ea1n l\u00e0 thu\u1ed9c v\u1ec1 b\u1ea1n, v\u00ec v\u1eady ch\u00fang t\u00f4i n\u1ed7 l\u1ef1c h\u1ebft s\u1ee9c l\u01b0u tr\u1eef b\u1ea3o m\u1eadt v\u00e0 x\u1eed l\u00fd c\u1ea9n th\u1eadn th\u00f4ng tin m\u00e0 b\u1ea1n chia s\u1ebb v\u1edbi ch\u00fang t\u00f4i.<\/p>\n<p>Ch\u00ednh s\u00e1ch b\u1ea3o m\u1eadt m\u00f4 t\u1ea3 c\u00e1ch th\u1ee9c Eduma Vietnam thu th\u1eadp v\u00e0 x\u1eed l\u00fd c\u00e1c th\u00f4ng tin c\u00e1 nh\u00e2n khi ng\u01b0\u1eddi d\u00f9ng \u0111\u0103ng k\u00fd s\u1eed d\u1ee5ng d\u1ecbch v\u1ee5 c\u1ee7a c\u00f4ng ty. Ng\u01b0\u1eddi d\u00f9ng \u0111\u1ed3ng \u00fd s\u1eed d\u1ee5ng d\u1ecbch v\u1ee5 c\u1ee7a Eduma Vietnam c\u00f3 ngh\u0129a l\u00e0 b\u1ea1n ho\u00e0n to\u00e0n \u0111\u1ed3ng \u00fd v\u1edbi c\u00e1c n\u1ed9i dung trong Ch\u00ednh s\u00e1ch b\u1ea3o m\u1eadt n\u00e0y.<\/p>\n<p>Eduma Vietnam c\u00f3 th\u1ec3 s\u1eeda \u0111\u1ed5i n\u1ed9i dung c\u1ee7a ch\u00ednh s\u00e1ch b\u1eb1ng c\u00e1ch \u0111\u0103ng m\u1ed9t b\u1ea3n s\u1eeda \u0111\u1ed5i l\u00ean h\u1ec7 th\u1ed1ng c\u1ee7a Eduma Vietnam, phi\u00ean b\u1ea3n s\u1eeda \u0111\u1ed5i c\u00f3 hi\u1ec7u l\u1ef1c k\u1ec3 t\u1eeb th\u1eddi \u0111i\u1ec3m \u0111\u0103ng t\u1ea3i. N\u1ebfu ng\u01b0\u1eddi d\u00f9ng ti\u1ebfp t\u1ee5c s\u1eed d\u1ee5ng d\u1ecbch v\u1ee5 c\u00f3 ngh\u0129a l\u00e0 b\u1ea1n \u0111\u00e3 ch\u1ea5p nh\u1eadn v\u00e0 ch\u1eafc ch\u1eafn \u0111\u1ed3ng \u00fd tu\u00e2n theo \u0111i\u1ec1u kho\u1ea3n s\u1eed d\u1ee5ng m\u1edbi nh\u1ea5t \u0111\u01b0\u1ee3c c\u1eadp nh\u1eadt.<\/p>\n<p>Ch\u00fang t\u00f4i s\u1ebd thu th\u1eadp nhi\u1ec1u th\u00f4ng tin kh\u00e1c nhau c\u1ee7a ng\u01b0\u1eddi d\u00f9ng khi mu\u1ed1n \u0111\u0103ng k\u00fd d\u1ecbch v\u1ee5 tr\u00ean web.<\/p>\n<p>Ch\u00fang t\u00f4i thu th\u1eadp, l\u01b0u tr\u1eef v\u00e0 x\u1eed l\u00fd th\u00f4ng tin c\u1ee7a ng\u01b0\u1eddi d\u00f9ng cho qu\u00e1 tr\u00ecnh mua h\u00e0ng v\u00e0 cho nh\u1eefng th\u00f4ng b\u00e1o sau n\u00e0y, v\u00e0 \u0111\u1ec3 cung c\u1ea5p d\u1ecbch v\u1ee5. Ch\u00fang t\u00f4i kh\u00f4ng gi\u1edbi h\u1ea1n th\u00f4ng tin c\u00e1 nh\u00e2n: danh hi\u1ec7u, t\u00ean, gi\u1edbi t\u00ednh, ng\u00e0y sinh, email, \u0111\u1ecba ch\u1ec9, s\u1ed1 \u0111i\u1ec7n tho\u1ea1i, chi ti\u1ebft thanh to\u00e1n, chi ti\u1ebft thanh to\u00e1n b\u1eb1ng th\u1ebb ho\u1eb7c chi ti\u1ebft t\u00e0i kho\u1ea3n ng\u00e2n h\u00e0ng.<\/p>\n<p>Ch\u00fang t\u00f4i s\u1ebd d\u00f9ng th\u00f4ng tin qu\u00fd kh\u00e1ch \u0111\u00e3 cung c\u1ea5p \u0111\u1ec3 x\u1eed l\u00fd \u0111\u01a1n \u0111\u1eb7t h\u00e0ng, cung c\u1ea5p c\u00e1c d\u1ecbch v\u1ee5 v\u00e0 th\u00f4ng tin y\u00eau c\u1ea7u th\u00f4ng qua website v\u00e0 theo y\u00eau c\u1ea7u c\u1ee7a qu\u00fd kh\u00e1ch. H\u01a1n n\u1eefa, ch\u00fang t\u00f4i s\u1ebd s\u1eed d\u1ee5ng c\u00e1c th\u00f4ng tin \u0111\u00f3 \u0111\u1ec3 qu\u1ea3n l\u00fd t\u00e0i kho\u1ea3n c\u1ee7a qu\u00fd kh\u00e1ch; x\u00e1c minh v\u00e0 th\u1ef1c hi\u1ec7n giao d\u1ecbch tr\u1ef1c tuy\u1ebfn, ki\u1ec3m to\u00e1n vi\u1ec7c t\u1ea3i d\u1eef li\u1ec7u t\u1eeb web; c\u1ea3i thi\u1ec7n b\u1ed1 c\u1ee5c v\u00e0 n\u1ed9i dung trang web v\u00e0 \u0111i\u1ec1u ch\u1ec9nh cho ph\u00f9 h\u1ee3p v\u1edbi ng\u01b0\u1eddi d\u00f9ng; nh\u1eadn di\u1ec7n kh\u00e1ch v\u00e0o web, nghi\u00ean c\u1ee9u nh\u00e2n kh\u1ea9u h\u1ecdc, g\u1eedi th\u00f4ng tin bao g\u1ed3m th\u00f4ng tin s\u1ea3n ph\u1ea9m v\u00e0 d\u1ecbch v\u1ee5, n\u1ebfu qu\u00fd kh\u00e1ch kh\u00f4ng c\u00f3 d\u1ea5u hi\u1ec7u t\u1eeb ch\u1ed1i. N\u1ebfu qu\u00fd kh\u00e1ch kh\u00f4ng mu\u1ed1n nh\u1eadn b\u1ea5t c\u1ee9 th\u00f4ng tin ti\u1ebfp th\u1ecb c\u1ee7a ch\u00fang t\u00f4i th\u00ec c\u00f3 th\u1ec3 t\u1eeb ch\u1ed1i b\u1ea5t c\u1ee9 l\u00fac n\u00e0o.<\/p>\n<p>B\u1ea1n v\u1eabn c\u00f3 th\u1ec3 truy c\u1eadp v\u00e0o trang web https:\/\/edumaenglish.edu.vn c\u1ee7a Eduma Vi\u1ec7t Nam m\u1ed9t c\u00e1ch kh\u00f4ng \u0111\u1ecbnh danh. Sau khi \u0111\u0103ng k\u00fd th\u00e0nh c\u00f4ng, b\u1ea1n c\u00f3 th\u1ec3 t\u1ef1 ch\u1ec9nh s\u1eeda \u0111\u01b0\u1ee3c t\u00ean trong trang qu\u1ea3n l\u00fd t\u00e0i kho\u1ea3n. N\u1ebfu c\u1ea7n \u0111\u1ed5i email \u0111\u0103ng nh\u1eadp ho\u1eb7c s\u1ed1 \u0111i\u1ec7n tho\u1ea1i, b\u1ea1n c\u1ea7n g\u1eedi y\u00eau c\u1ea7u cho ch\u00fang t\u00f4i v\u00e0 tr\u1ea3i qua c\u00e1c b\u01b0\u1edbc x\u00e1c th\u1ef1c.<\/p>\n<p><strong>2. Ph\u1ea1m vi s\u1eed d\u1ee5ng th\u00f4ng tin<\/strong><br \/>\nTh\u00f4ng tin c\u1ee7a Ng\u01b0\u1eddi d\u00f9ng s\u1ebd \u0111\u01b0\u1ee3c Eduma Viet Nam l\u01b0u l\u1ea1i tr\u00ean h\u1ec7 th\u1ed1ng trong c\u00e1c tr\u01b0\u1eddng h\u1ee3p th\u01b0\u1eddng g\u1eb7p sau:<\/p>\n<p>&#8211; Khi Ng\u01b0\u1eddi d\u00f9ng \u0111\u0103ng k\u00fd v\u00e0\/ho\u1eb7c s\u1eed d\u1ee5ng c\u00e1c d\u1ecbch v\u1ee5 c\u1ee7a Eduma Viet Nam.<\/p>\n<p>&#8211; Khi Ng\u01b0\u1eddi d\u00f9ng n\u1ed9p b\u1ea5t c\u1ee9 bi\u1ec3u m\u1eabu n\u00e0o, kh\u00f4ng gi\u1edbi h\u1ea1n \u1edf c\u00e1c m\u1eabu \u0111\u01a1n ho\u1eb7c c\u00e1c m\u1eabu kh\u00e1c li\u00ean quan \u0111\u1ebfn c\u00e1c s\u1ea3n ph\u1ea9m v\u00e0 d\u1ecbch v\u1ee5 c\u1ee7a Eduma Viet Nam, k\u1ec3 c\u1ea3 tr\u1ef1c tuy\u1ebfn hay b\u1eb1ng c\u00e1c h\u00ecnh th\u1ee9c t\u00e0i li\u1ec7u v\u1eadt l\u00fd.<\/p>\n<p>&#8211; Khi Ng\u01b0\u1eddi d\u00f9ng k\u00fd k\u1ebft b\u1ea5t k\u1ef3 th\u1ecfa thu\u1eadn n\u00e0o ho\u1eb7c cung c\u1ea5p b\u1ea5t k\u1ef3 t\u00e0i li\u1ec7u ho\u1eb7c th\u00f4ng tin kh\u00e1c li\u00ean quan \u0111\u1ebfn s\u1ef1 t\u01b0\u01a1ng t\u00e1c c\u1ee7a b\u1ea1n v\u1edbi Eduma Viet Nam, ho\u1eb7c khi b\u1ea1n s\u1eed d\u1ee5ng s\u1ea3n ph\u1ea9m v\u00e0 d\u1ecbch v\u1ee5 c\u1ee7a c\u00f4ng ty.<\/p>\n<p>&#8211; Khi Ng\u01b0\u1eddi d\u00f9ng t\u01b0\u01a1ng t\u00e1c v\u1edbi Eduma Viet Nam, ch\u1eb3ng h\u1ea1n nh\u01b0 qua \u0111i\u1ec7n tho\u1ea1i, (c\u00f3 th\u1ec3 \u0111\u01b0\u1ee3c ghi \u00e2m), th\u01b0, fax, g\u1eb7p tr\u1ef1c ti\u1ebfp, m\u1ea1ng x\u00e3 h\u1ed9i v\u00e0 email.<\/p>\n<p>&#8211; Khi Ng\u01b0\u1eddi d\u00f9ng s\u1eed d\u1ee5ng c\u00e1c d\u1ecbch v\u1ee5 \u0111i\u1ec7n t\u1eed ho\u1eb7c t\u01b0\u01a1ng t\u00e1c v\u1edbi Eduma Viet Nam th\u00f4ng qua N\u1ec1n t\u1ea3ng c\u1ee7a Eduma Viet Nam ho\u1eb7c s\u1eed d\u1ee5ng d\u1ecbch v\u1ee5 tr\u00ean N\u1ec1n t\u1ea3ng c\u1ee7a Eduma Viet Nam. \u0110i\u1ec1u n\u00e0y bao g\u1ed3m, nh\u01b0ng kh\u00f4ng gi\u1edbi h\u1ea1n th\u00f4ng qua cookie Eduma Viet Nam c\u00f3 th\u1ec3 tri\u1ec3n khai khi b\u1ea1n t\u01b0\u01a1ng t\u00e1c v\u1edbi N\u1ec1n t\u1ea3ng c\u1ee7a Eduma Viet Nam.<\/p>\n<p>&#8211; Khi Ng\u01b0\u1eddi d\u00f9ng Eduma Viet Nam th\u1ef1c hi\u1ec7n giao d\u1ecbch th\u00f4ng qua n\u1ec1n t\u1ea3ng ho\u1eb7c c\u00e1c d\u1ecbch v\u1ee5 c\u1ee7a Eduma Viet Nam.<\/p>\n<p>&#8211; Khi Ng\u01b0\u1eddi \u00f9ng ph\u1ea3n h\u1ed3i ho\u1eb7c khi\u1ebfu n\u1ea1i.<\/p>\n<p>&#8211; Khi Ng\u01b0\u1eddi d\u00f9ng cung c\u1ea5p d\u1eef li\u1ec7u c\u00e1 nh\u00e2n c\u1ee7a m\u00ecnh cho Eduma Viet Nam v\u00ec b\u1ea5t k\u1ef3 l\u00fd do n\u00e0o.<\/p>\n<p>&#8211; C\u00e1c tr\u01b0\u1eddng h\u1ee3p kh\u00e1c m\u00e0 Eduma Viet Nam th\u1ea5y c\u1ea7n thi\u1ebft ph\u00f9 h\u1ee3p v\u1edbi quy \u0111\u1ecbnh c\u1ee7a ph\u00e1p lu\u1eadt.<\/p>\n<p><strong>3. Th\u1eddi gian l\u01b0u tr\u1eef th\u00f4ng tin<\/strong><br \/>\nEduma Viet Nam l\u01b0u gi\u1eef v\u00e0 x\u1eed l\u00fd th\u00f4ng tin c\u00e1 nh\u00e2n c\u1ee7a Ng\u01b0\u1eddi d\u00f9ng tr\u00ean m\u00e1y ch\u1ee7, b\u1ea3o v\u1ec7 b\u1eb1ng c\u00e1c bi\u1ec7n ph\u00e1p b\u1ea3o v\u1ec7 v\u1eadt l\u00fd, \u0111i\u1ec7n t\u1eed bao g\u1ed3m: t\u01b0\u1eddng l\u1eeda, m\u00e3 h\u00f3a d\u1eef li\u1ec7u v\u00e0 th\u1ee7 t\u1ee5c \u00e1p d\u1ee5ng theo quy \u0111\u1ecbnh c\u1ee7a lu\u1eadt b\u1ea3o m\u1eadt th\u00f4ng tin. Eduma Viet Nam th\u1ef1c thi ki\u1ec3m so\u00e1t truy c\u1eadp v\u1eadt l\u00fd v\u00e0o c\u00e1c th\u00f4ng tin v\u00e0 ch\u1ec9 cho ph\u00e9p truy c\u1eadp th\u00f4ng tin c\u00e1 nh\u00e2n \u0111\u1ed1i v\u1edbi nh\u1eefng nh\u00e2n vi\u00ean c\u1ea7n n\u00f3 \u0111\u1ec3 ho\u00e0n th\u00e0nh tr\u00e1ch nhi\u1ec7m c\u00f4ng vi\u1ec7c c\u1ee7a h\u1ecd trong h\u1ec7 th\u1ed1ng Eduma Viet Nam.<\/p>\n<p>Th\u00f4ng tin v\u00e0 t\u00e0i kho\u1ea3n c\u1ee7a Ng\u01b0\u1eddi d\u00f9ng s\u1ebd \u0111\u01b0\u1ee3c l\u01b0u tr\u1eef kh\u00f4ng th\u1eddi h\u1ea1n tr\u00ean h\u1ec7 th\u1ed1ng c\u1ee7a Eduma Viet Nam \u0111\u1ec3 b\u1ea1n c\u00f3 th\u1ec3 gia h\u1ea1n d\u1ecbch v\u1ee5 b\u1ea5t c\u1ee9 l\u00fac n\u00e0o.<\/p>\n<p><strong>4. Nh\u1eefng ng\u01b0\u1eddi ho\u1eb7c t\u1ed5 ch\u1ee9c c\u00f3 th\u1ec3 \u0111\u01b0\u1ee3c ti\u1ebfp c\u1eadn v\u1edbi th\u00f4ng tin \u0111\u00f3<\/strong><br \/>\nEduma Viet Nam cam k\u1ebft kh\u00f4ng cung c\u1ea5p, kh\u00f4ng b\u00e1n, trao \u0111\u1ed5i, ho\u1eb7c s\u1eed d\u1ee5ng c\u00e1c h\u00ecnh th\u1ee9c th\u01b0\u01a1ng m\u1ea1i kh\u00e1c v\u1edbi nh\u1eefng th\u00f4ng tin c\u00e1 nh\u00e2n c\u1ee7a b\u1ea1n. Tuy nhi\u00ean, th\u00f4ng tin kh\u00f4ng \u0111\u1ecbnh danh c\u1ee7a nh\u1eefng ng\u01b0\u1eddi truy c\u1eadp v\u00e0o trang web c\u00f3 th\u1ec3 \u0111\u01b0\u1ee3c s\u1eed d\u1ee5ng v\u00e0 cung c\u1ea5p cho c\u00e1c b\u00ean kh\u00e1c nh\u1eb1m m\u1ee5c \u0111\u00edch marketing, qu\u1ea3ng c\u00e1o ho\u1eb7c m\u1ee5c \u0111\u00edch s\u1eed d\u1ee5ng kh\u00e1c.<\/p>\n<p>C\u00e1c c\u00e1 nh\u00e2n, t\u1ed5 ch\u1ee9c kh\u00e1c c\u00f3 th\u1ec3 \u0111\u01b0\u1ee3c ti\u1ebfp c\u1eadn th\u00f4ng tin c\u1ee7a Ng\u01b0\u1eddi d\u00f9ng Eduma Viet Nam trong m\u1ed9t s\u1ed1 tr\u01b0\u1eddng h\u1ee3p d\u01b0\u1edbi \u0111\u00e2y:<\/p>\n<p>&#8211; Th\u00f4ng tin \u0111\u00f3 Ng\u01b0\u1eddi d\u00f9ng \u0111\u00e3 c\u00f4ng khai.<\/p>\n<p>&#8211; Eduma Viet Nam \u0111\u01b0\u1ee3c Ng\u01b0\u1eddi d\u00f9ng \u0111\u1ed3ng \u00fd ti\u1ebft l\u1ed9 nh\u1eefng th\u00f4ng tin n\u00e0y.<\/p>\n<p>&#8211; B\u00ean th\u1ee9 ba m\u00e0 Ng\u01b0\u1eddi d\u00f9ng Eduma Viet Nam \u1ee7y quy\u1ec1n ho\u1eb7c cho ph\u00e9p c\u00f3 y\u00eau c\u1ea7u Eduma Viet Nam cung c\u1ea5p th\u00f4ng tin c\u00e1 nh\u00e2n c\u1ee7a Ng\u01b0\u1eddi d\u00f9ng. Vi\u1ec7c \u1ee7y quy\u1ec1n, cho ph\u00e9p ph\u1ea3i \u0111\u01b0\u1ee3c th\u1ec3 hi\u1ec7n b\u1eb1ng v\u0103n b\u1ea3n c\u00f3 c\u00f4ng ch\u1ee9ng, ch\u1ee9ng th\u1ef1c.<\/p>\n<p>&#8211; Theo y\u00eau c\u1ea7u ph\u00e1p l\u00fd hay t\u1eeb m\u1ed9t c\u01a1 quan nh\u00e0 n\u01b0\u1edbc ho\u1eb7c n\u1ebfu Eduma Viet Nam tin r\u1eb1ng h\u00e0nh \u0111\u1ed9ng \u0111\u00f3 l\u00e0 c\u1ea7n thi\u1ebft nh\u1eb1m tu\u00e2n theo c\u00e1c y\u00eau c\u1ea7u ph\u00e1p l\u00fd ho\u1eb7c chi\u1ebfu theo lu\u1eadt ph\u00e1p.<\/p>\n<p>&#8211; B\u1ea3o v\u1ec7 quy\u1ec1n, l\u1ee3i \u00edch, t\u00e0i s\u1ea3n, s\u1ef1 an to\u00e0n c\u1ee7a m\u1ed9t ai kh\u00e1c tr\u00ean c\u01a1 s\u1edf c\u00e2n b\u1eb1ng l\u1ee3i \u00edch c\u1ee7a t\u1ea5t c\u1ea3 c\u00e1c b\u00ean.<\/p>\n<p>&#8211; Cho c\u00e1c b\u00ean th\u1ee9 ba kh\u00e1c m\u00e0 Eduma Viet Nam c\u00f3 li\u00ean doanh, li\u00ean k\u1ebft \u0111\u1ec3 cung c\u1ea5p c\u00e1c d\u1ecbch v\u1ee5 tr\u00ean Eduma Viet Nam. Ho\u1eb7c c\u00e1c d\u1ecbch v\u1ee5 m\u1edbi c\u00f3 li\u00ean quan \u0111\u1ebfn Eduma Viet Nam m\u00e0 Ng\u01b0\u1eddi d\u00f9ng c\u0169ng \u0111ang s\u1eed d\u1ee5ng nh\u1eefng d\u1ecbch v\u1ee5 li\u00ean k\u1ebft \u0111\u00f3 tr\u00ean c\u00e1c s\u1ea3n ph\u1ea9m c\u1ee7a Eduma Viet Nam.<\/p>\n<p>&#8211; Eduma Viet Nam \u0111\u01b0\u1ee3c mua l\u1ea1i ho\u1eb7c s\u00e1p nh\u1eadp v\u1edbi c\u00f4ng ty kh\u00e1c. Trong tr\u01b0\u1eddng h\u1ee3p n\u00e0y, Eduma Viet Nam s\u1ebd th\u00f4ng b\u00e1o cho b\u1ea1n b\u1eb1ng email ho\u1eb7c b\u1eb1ng c\u00e1ch th\u00f4ng b\u00e1o n\u1ed5i b\u1eadt tr\u00ean trang web c\u1ee7a Eduma Viet Nam tr\u01b0\u1edbc khi th\u00f4ng tin v\u1ec1 b\u1ea1n \u0111\u01b0\u1ee3c chuy\u1ec3n giao v\u00e0 tr\u1edf th\u00e0nh \u0111\u1ed1i t\u01b0\u1ee3ng c\u1ee7a m\u1ed9t ch\u00ednh s\u00e1ch b\u1ea3o m\u1eadt kh\u00e1c.<\/p>\n<p>Ngo\u00e0i nh\u1eefng tr\u01b0\u1eddng h\u1ee3p n\u00eau tr\u00ean nh\u01b0ng kh\u00f4ng gi\u1edbi h\u1ea1n, th\u00f4ng tin c\u00e1 nh\u00e2n c\u1ee7a Ng\u01b0\u1eddi d\u00f9ng lu\u00f4n \u0111\u01b0\u1ee3c b\u1ea3o m\u1eadt tr\u01b0\u1edbc c\u00e1c b\u00ean th\u1ee9 ba n\u00e0o tr\u1eeb khi Eduma Viet Nam ho\u00e0n to\u00e0n tin r\u1eb1ng, s\u1ef1 c\u00f4ng b\u1ed1 n\u00e0y l\u00e0 c\u1ea7n thi\u1ebft nh\u1eb1m ng\u0103n ch\u1eb7n nh\u1eefng thi\u1ec7t h\u1ea1i v\u1eadt ch\u1ea5t ho\u1eb7c t\u00e0i ch\u00ednh do c\u00e1c y\u1ebfu t\u1ed1 c\u00f3 d\u1ea5u hi\u1ec7u ph\u1ea1m ph\u00e1p c\u00f3 th\u1ec3 g\u00e2y ra.<\/p>\n<p><strong>5. \u0110\u1ecba ch\u1ec9 c\u1ee7a \u0111\u01a1n v\u1ecb thu th\u1eadp v\u00e0 qu\u1ea3n l\u00fd th\u00f4ng tin<\/strong><br \/>\nTo\u00e0n b\u1ed9 th\u00f4ng tin ng\u01b0\u1eddi d\u00f9ng cung c\u1ea5p cho Eduma Viet Nam s\u1ebd \u0111\u01b0\u1ee3c l\u01b0u gi\u1eef tr\u00ean h\u1ec7 th\u1ed1ng. Khi c\u1ea7n Ng\u01b0\u1eddi s\u1eed d\u1ee5ng Eduma Viet Nam c\u00f3 th\u1ec3 h\u1ecfi v\u1ec1 ho\u1ea1t \u0111\u1ed9ng thu th\u1eadp, x\u1eed l\u00fd th\u00f4ng tin li\u00ean quan \u0111\u1ebfn c\u00e1 nh\u00e2n m\u00ecnh t\u1ea1i \u0111\u1ecba ch\u1ec9:<\/p>\n<p><strong>C\u00d4NG TY TNHH Eduma English<\/strong><\/p>\n<p><strong>\u0110\u1ecba ch\u1ec9:<\/strong> S\u1ed1 252 Cao \u0110a\u0323t Ph\u01b0\u1eddng 1 Qu\u1eadn 5 TP. H\u1ed3 Ch\u00ed Minh, Vi\u1ec7t Nam<\/p>\n<p><strong>Hotline:<\/strong> 0907 750 544<\/p>\n<p><strong>Email h\u1ed7 tr\u1ee3:<\/strong> support@edumaenglish.edu.vn<\/p>\n<p><strong>Website<\/strong> https:\/\/edumaenglish.edu.vn\/<\/p>\n<p><strong>6. Ph\u01b0\u01a1ng th\u1ee9c v\u00e0 c\u00f4ng c\u1ee5 \u0111\u1ec3 ng\u01b0\u1eddi ti\u00eau d\u00f9ng ti\u1ebfp c\u1eadn v\u00e0 ch\u1ec9nh s\u1eeda th\u1eadp th\u00f4ng tin).<\/strong><br \/>\nSau khi ho\u00e0n th\u00e0nh vi\u1ec7c b\u00e0n giao d\u1ecbch v\u1ee5, Ng\u01b0\u1eddi d\u00f9ng l\u00e0 \u0111\u01a1n v\u1ecb duy nh\u1ea5t s\u1edf h\u1eefu v\u00e0 c\u00f3 tr\u00e1ch nhi\u1ec7m qu\u1ea3n l\u00fd m\u1ed9t c\u00e1ch an to\u00e0n c\u00e1c th\u00f4ng tin nh\u1eadn bi\u1ebft, t\u00e0i kho\u1ea3n qu\u1ea3n tr\u1ecb, m\u1eadt kh\u1ea9u, n\u1ed9i dung website hay nh\u1eefng th\u00f4ng tin kh\u00e1c li\u00ean quan \u0111\u1ebfn t\u00e0i kho\u1ea3n, website c\u1ee7a m\u00ecnh. Ng\u01b0\u1eddi d\u00f9ng c\u00f3 th\u1ec3 \u0111\u0103ng nh\u1eadp v\u00e0o t\u00e0i kho\u1ea3n c\u1ee7a m\u00ecnh \u0111\u1ec3 ch\u1ec9nh s\u1eeda th\u00f4ng tin tr\u00ean website, c\u00f3 quy\u1ec1n y\u00eau c\u1ea7u Eduma Viet Nam th\u1ef1c hi\u1ec7n vi\u1ec7c ki\u1ec3m tra, c\u1eadp nh\u1eadt, \u0111i\u1ec1u ch\u1ec9nh ho\u1eb7c h\u1ee7y b\u1ecf th\u00f4ng tin c\u00e1 nh\u00e2n c\u1ee7a m\u00ecnh \u0111\u00e3 \u0111\u0103ng k\u00fd v\u1edbi tr\u01b0\u1edbc \u0111\u00f3. Eduma Viet Nam ho\u00e0n to\u00e0n kh\u00f4ng ch\u1ecbu tr\u00e1ch nhi\u1ec7m li\u00ean quan \u0111\u1ebfn t\u00ednh ch\u00ednh x\u00e1c v\u00e0 h\u1ee3p ph\u00e1p c\u1ee7a th\u00f4ng tin Ng\u01b0\u1eddi d\u00f9ng \u0111\u01b0a l\u00ean website.<\/p>\n<p>Eduma Viet Nam s\u1ebd ki\u1ec3m tra, c\u1eadp nh\u1eadt, \u0111i\u1ec1u ch\u1ec9nh, h\u1ee7y b\u1ecf th\u00f4ng tin c\u00e1 nh\u00e2n c\u1ee7a Ng\u01b0\u1eddi d\u00f9ng khi c\u00f3 y\u00eau c\u1ea7u ho\u1eb7c cung c\u1ea5p cho ch\u1ee7 th\u1ec3 th\u00f4ng tin c\u00f4ng c\u1ee5 \u0111\u1ec3 t\u1ef1 ki\u1ec3m tra, c\u1eadp nh\u1eadt, \u0111i\u1ec1u ch\u1ec9nh th\u00f4ng tin c\u00e1 nh\u00e2n c\u1ee7a m\u00ecnh. Ch\u00fang t\u00f4i ch\u1ec9 h\u1ed7 tr\u1ee3 Ng\u01b0\u1eddi d\u00f9ng th\u00f4ng qua t\u00e0i kho\u1ea3n m\u00e0 b\u1ea1n ch\u1ee7 \u0111\u1ed9ng cung c\u1ea5p cho Eduma Viet Nam. N\u1ebfu ph\u00e1t hi\u1ec7n c\u00e1c h\u00ecnh th\u1ee9c truy c\u1eadp tr\u00e1i ph\u00e9p b\u1eb1ng t\u00e0i kho\u1ea3n c\u1ee7a m\u00ecnh ho\u1eb7c c\u00e1c s\u01a1 h\u1edf v\u1ec1 b\u1ea3o m\u1eadt, bao g\u1ed3m vi\u1ec7c m\u1ea5t m\u00e1t, b\u1ecb \u0111\u00e1nh c\u1eafp ho\u1eb7c b\u1ecb l\u1ed9 c\u00e1c th\u00f4ng tin v\u1ec1 m\u1eadt kh\u1ea9u v\u00e0 c\u00e1c th\u00f4ng tin b\u1ea3o m\u1eadt kh\u00e1c b\u1ea1n c\u1ea7n th\u00f4ng b\u00e1o ngay cho Eduma Viet Nam \u0111\u1ec3 \u0111\u01b0\u1ee3c h\u1ed7 tr\u1ee3.<\/p>\n<p>Ng\u01b0\u1eddi d\u00f9ng ph\u1ea3i t\u1ef1 ch\u1ecbu tr\u00e1ch nhi\u1ec7m v\u1ec1 n\u1ed9i dung c\u00e1c email g\u1eedi \u0111i t\u1eeb h\u1ed9p th\u01b0 trong t\u00e0i kho\u1ea3n v\u00e0 c\u00e1c n\u1ed9i dung tr\u00ean website c\u1ee7a m\u00ecnh. Khi cung c\u1ea5p email v\u00e0 \u0111\u0103ng k\u00fd d\u00f9ng th\u1eed \u0111\u1ed3ng ngh\u0129a v\u1edbi vi\u1ec7c b\u1ea1n \u0111\u1ed3ng \u00fd nh\u1eadn email marketing t\u1eeb Eduma Viet Nam.<\/p>\n<p>Ng\u01b0\u1eddi d\u00f9ng c\u1ea7n ph\u1ea3i c\u00f3 tr\u00e1ch nhi\u1ec7m ba\u0309o qua\u0309n thi\u00ea\u0301t bi\u0323 co\u0301 s\u1eed d\u1ee5ng ph\u1ea7n m\u1ec1m, Eduma Viet Nam trong t\u00e2\u0300m ki\u00ea\u0309m soa\u0301t va\u0300 an toa\u0300n, l\u01b0u gi\u1eef th\u00f4ng tin truy c\u1eadp v\u00e0o C\u1eeda h\u00e0ng \u0111\u1ec3 tr\u00e1nh tr\u01b0\u1eddng h\u1ee3p t\u00e0i kho\u1ea3n b\u1ecb \u0111\u00e1nh c\u1eafp v\u00e0\/ho\u1eb7c b\u1ecb l\u1ea1m d\u1ee5ng v\u1edbi m\u1ee5c \u0111\u00edch kh\u00f4ng an to\u00e0n. Ch\u00fang t\u00f4i khuy\u1ebfn c\u00e1o Ng\u01b0\u1eddi d\u00f9ng n\u00ean \u0111\u1ed5i l\u1ea1i m\u1eadt kh\u1ea9u s\u1edbm sau khi cung c\u1ea5p m\u1eadt kh\u1ea9u cho c\u00e1c b\u00ean li\u00ean quan nh\u1eb1m m\u1ee5c \u0111\u00edch h\u1ed7 tr\u1ee3 s\u1eed d\u1ee5ng.<\/p>\n<p><strong>7. C\u01a1 ch\u1ebf ti\u1ebfp nh\u1eadn v\u00e0 gi\u1ea3i quy\u1ebft khi\u1ebfu n\u1ea1i c\u1ee7a ng\u01b0\u1eddi ti\u00eau d\u00f9ng<\/strong><br \/>\nM\u1ecdi tr\u01b0\u1eddng h\u1ee3p \u0111\u00f3ng g\u00f3p \u00fd ki\u1ebfn, khi\u1ebfu n\u1ea1i, Ng\u01b0\u1eddi d\u00f9ng vui l\u00f2ng n\u00e0o g\u1eedi v\u1ec1 Eduma Viet Nam theo c\u00e1c ph\u01b0\u01a1ng th\u1ee9c sau:<\/p>\n<p>&#8211; G\u1ecdi \u0111\u1ebfn hotline c\u1ee7a b\u1ed9 ph\u1eadn ch\u0103m s\u00f3c kh\u00e1ch h\u00e0ng 0907 750 544<\/p>\n<p>&#8211; G\u1eedi email \u0111\u1ebfn \u0111\u1ecba ch\u1ec9 support@edumaenglish.edu.vn<\/p>\n<p>&#8211; \u0110\u1ebfn tr\u1ef1c ti\u1ebfp v\u0103n ph\u00f2ng c\u1ee7a C\u00d4NG TY TNHH Eduma English co, LTD<\/p>\n<p><strong>\u0110\u1ecba ch\u1ec9:<\/strong> S\u1ed1 252 Cao \u0110a\u0323t Ph\u01b0\u1eddng 1 Qu\u1eadn 5 TP. H\u1ed3 Ch\u00ed Minh, Vi\u1ec7t Nam ho\u1eb7c t\u1ea1i c\u00e1c chi nh\u00e1nh m\u00e0 Eduma c\u00f3 trung t\u00e2m theo \u0111\u1ecba ch\u1ec9 h\u01b0\u1edbng d\u1eabn t\u1ea1i website https:\/\/edumaenglish.edu.vn\/<\/p>\n<p>T\u00f9y thu\u1ed9c v\u00e0o t\u00ednh ch\u1ea5t ph\u1ee9c t\u1ea1p c\u1ee7a n\u1ed9i dung khi\u1ebfu n\u1ea1i, Eduma Viet Nam s\u1ebd c\u00f3 th\u1eddi h\u1ea1n x\u1eed l\u00fd t\u01b0\u01a1ng \u1ee9ng. K\u1ebft qu\u1ea3 gi\u1ea3i quy\u1ebft khi\u1ebfu n\u1ea1i s\u1ebd \u0111\u01b0\u1ee3c th\u00f4ng b\u00e1o t\u1edbi Ng\u01b0\u1eddi d\u00f9ng tr\u01b0\u1eddng h\u1ee3p c\u1ea7n thi\u1ebft, Eduma Viet Nam c\u00f3 th\u1ec3 m\u1eddi ng\u01b0\u1eddi khi\u1ebfu n\u1ea1i t\u1edbi l\u00e0m vi\u1ec7c tr\u1ef1c ti\u1ebfp.<\/p>\n<p>Eduma Viet Nam s\u1ebd n\u1ed7 l\u1ef1c \u0111\u1ec3 gi\u1ea3i quy\u1ebft c\u00e1c khi\u1ebfu n\u1ea1i c\u1ee7a Ng\u01b0\u1eddi d\u00f9ng trong th\u1eddi gian s\u1edbm nh\u1ea5t v\u00e0 tr\u00ean tinh th\u1ea7n th\u01b0\u01a1ng l\u01b0\u1ee3ng, h\u00f2a gi\u1ea3i, t\u00f4n tr\u1ecdng, hai b\u00ean c\u00f9ng c\u00f3 l\u1ee3i.<\/p>\n<p><strong>8. Vi\u1ec7c thay \u0111\u1ed5i quy \u0111\u1ecbnh:<\/strong><br \/>\nEduma English c\u00f3 th\u1ec3 thay \u0111\u1ed5i quy \u0111\u1ecbnh n\u00e0y m\u1ed9t c\u00e1ch kh\u00f4ng th\u01b0\u1eddng xuy\u00ean, bao g\u1ed3m vi\u1ec7c b\u1ed5 sung, lo\u1ea1i b\u1ecf m\u1ed9t ph\u1ea7n n\u1ed9i dung ho\u1eb7c t\u1ea1m ng\u01b0ng trang web m\u00e0 kh\u00f4ng c\u1ea7n b\u00e1o tr\u01b0\u1edbc. Tuy nhi\u00ean, n\u1ebfu quy \u0111\u1ecbnh n\u00e0y \u0111\u01b0\u1ee3c thay \u0111\u1ed5i theo h\u01b0\u1edbng c\u00f3 th\u1ec3 g\u00e2y b\u1ea5t l\u1ee3i cho b\u1ea1n, Eduma English s\u1ebd c\u1ed1 g\u1eafng th\u00f4ng b\u00e1o v\u1ec1 s\u1ef1 thay \u0111\u1ed5i qua e-mail b\u1ea1n \u0111\u00e3 cung c\u1ea5p ho\u1eb7c ngay tr\u00ean trang ch\u1ee7.<\/p>","protected":false},"excerpt":{"rendered":"<p>Ch\u00ednh S\u00e1ch B\u1ea3o M\u1eadt Th\u00f4ng Tin Kh\u00e1ch H\u00e0ng 1. M\u1ee5c \u0111\u00edch thu th\u1eadp th\u00f4ng tin c\u00e1 nh\u00e2n; T\u1ea1i Eduma Vietnam, ch\u00fang t\u00f4i coi vi\u1ec7c b\u1ea3o v\u1ec7 th\u00f4ng tin c\u00e1 nh\u00e2n c\u1ee7a b\u1ea1n l\u00e0 \u01b0u ti\u00ean h\u00e0ng \u0111\u1ea7u. Ch\u00fang t\u00f4i hi\u1ec3u ho\u00e0n to\u00e0n r\u1eb1ng th\u00f4ng tin c\u00e1 nh\u00e2n c\u1ee7a b\u1ea1n l\u00e0 thu\u1ed9c v\u1ec1 b\u1ea1n, v\u00ec v\u1eady &#8230;<\/p>","protected":false},"author":2,"featured_media":0,"parent":0,"menu_order":0,"comment_status":"closed","ping_status":"closed","template":"","meta":{"footnotes":""},"class_list":["post-1623","page","type-page","status-publish","hentry"],"_links":{"self":[{"href":"https:\/\/edumaenglish.edu.vn\/en\/wp-json\/wp\/v2\/pages\/1623","targetHints":{"allow":["GET"]}}],"collection":[{"href":"https:\/\/edumaenglish.edu.vn\/en\/wp-json\/wp\/v2\/pages"}],"about":[{"href":"https:\/\/edumaenglish.edu.vn\/en\/wp-json\/wp\/v2\/types\/page"}],"author":[{"embeddable":true,"href":"https:\/\/edumaenglish.edu.vn\/en\/wp-json\/wp\/v2\/users\/2"}],"replies":[{"embeddable":true,"href":"https:\/\/edumaenglish.edu.vn\/en\/wp-json\/wp\/v2\/comments?post=1623"}],"version-history":[{"count":2,"href":"https:\/\/edumaenglish.edu.vn\/en\/wp-json\/wp\/v2\/pages\/1623\/revisions"}],"predecessor-version":[{"id":1627,"href":"https:\/\/edumaenglish.edu.vn\/en\/wp-json\/wp\/v2\/pages\/1623\/revisions\/1627"}],"wp:attachment":[{"href":"https:\/\/edumaenglish.edu.vn\/en\/wp-json\/wp\/v2\/media?parent=1623"}],"curies":[{"name":"wp","href":"https:\/\/api.w.org\/{rel}","templated":true}]}}