{"id":83,"date":"2019-10-04T21:51:04","date_gmt":"2019-10-04T14:51:04","guid":{"rendered":"https:\/\/edumaenglish.edu.vn\/?page_id=83"},"modified":"2025-07-15T18:10:56","modified_gmt":"2025-07-15T11:10:56","slug":"khoa-hoc","status":"publish","type":"page","link":"https:\/\/edumaenglish.edu.vn\/en\/khoa-hoc\/","title":{"rendered":"Courses"},"content":{"rendered":"<section class=\"section banner-gioi-thieu head-cac-khoa-hoc dark\" id=\"section_739709518\">\n\t\t<div class=\"bg section-bg fill bg-fill\" >\n\n\t\t\t\n\t\t\t\n\t\t\t\n\n\t\t<\/div>\n\n\t\t\n\n\t\t<div class=\"section-content relative\">\n\t\t\t\n\t<div id=\"gap-805638786\" class=\"gap-element clearfix\" style=\"display:block; height:auto;\">\n\t\t\n<style>\n#gap-805638786 {\n  padding-top: 40px;\n}\n<\/style>\n\t<\/div>\n\t\n<div class=\"row\"  id=\"row-703712850\">\n\n\t<div id=\"col-633830329\" class=\"col medium-10 small-12 large-10\"  >\n\t\t\t\t<div class=\"col-inner\"  >\n\t\t\t\n\t\t\t\n<h1>C\u00c1C KH\u00d3A H\u1eccC TI\u1ebeNG ANH<br \/>T\u1ea0I EDUMA<\/h1>\n<p>T\u00f9y theo nhu c\u1ea7u c\u1ee7a h\u1ecdc vi\u00ean, Eduma s\u1ebd thi\u1ebft k\u1ebf khung ch\u01b0\u01a1ng tr\u00ecnh h\u1ecdc t\u1ed1i \u01b0u nh\u1ea5t gi\u00fap h\u1ecdc vi\u00ean ho\u00e0n th\u00e0nh xu\u1ea5t s\u1eafc m\u1ee5c ti\u00eau sau khi k\u1ebft th\u00fac l\u1edbp h\u1ecdc. Eduma cam k\u1ebft kh\u00f3a h\u1ecdc \u0111\u1eb7c bi\u1ec7t n\u00e0y ch\u1eafc ch\u1eafn s\u1ebd l\u00e0 l\u1ed9 tr\u00ecnh ho\u00e0n h\u1ea3o \u0111\u1ebb gi\u00fap b\u1ea1n t\u1ef1 tin s\u1eed d\u1ee5ng ti\u1ebfng Anh trong th\u1eddi gian ng\u1eafn nh\u1ea5t!<\/p>\n<a href=\"#dk-tv\" target=\"_self\" class=\"button primary is-large\"  >\n    <span>Sign up now<\/span>\n  <\/a>\n\n\t\t<\/div>\n\t\t\t\t\n<style>\n#col-633830329 > .col-inner {\n  padding: 0 0px 0px 0px;\n  margin: 0 0px 0px 0px;\n}\n<\/style>\n\t<\/div>\n\n\t\n\n<style>\n#row-703712850 > .col > .col-inner {\n  padding: 0 0px 0px 0px;\n}\n<\/style>\n<\/div>\n\t\t<\/div>\n\n\t\t\n<style>\n#section_739709518 {\n  padding-top: 0px;\n  padding-bottom: 0px;\n  margin-bottom: 0px;\n}\n#section_739709518 .section-bg.bg-loaded {\n  background-image: url(https:\/\/edumaenglish.edu.vn\/wp-content\/uploads\/2019\/10\/bg1.png);\n}\n#section_739709518 .ux-shape-divider--top svg {\n  height: 150px;\n  --divider-top-width: 100%;\n}\n#section_739709518 .ux-shape-divider--bottom svg {\n  height: 150px;\n  --divider-width: 100%;\n}\n<\/style>\n\t<\/section>\n\t\n\t<section class=\"section cac-khoa-hoc\" id=\"section_1518889022\">\n\t\t<div class=\"bg section-bg fill bg-fill  bg-loaded\" >\n\n\t\t\t\n\t\t\t\n\t\t\t\n\n\t\t<\/div>\n\n\t\t\n\n\t\t<div class=\"section-content relative\">\n\t\t\t\n\t<div id=\"gap-1867249200\" class=\"gap-element clearfix\" style=\"display:block; height:auto;\">\n\t\t\n<style>\n#gap-1867249200 {\n  padding-top: 30px;\n}\n<\/style>\n\t<\/div>\n\t\n<div class=\"row\"  id=\"row-527912095\">\n\n\t<div id=\"col-368118312\" class=\"col kh kh-1 medium-6 small-12 large-6\"  data-animate=\"bounceInLeft\">\n\t\t\t\t<div class=\"col-inner\"  >\n\t\t\t\n\t\t\t\n<h2>01<\/h2>\n<h3><a href=\"\/en\/khoa-hoc-luyen-thi-ielts\/\">IELTS preparation<\/a><\/h3>\n<ul>\n<li>H\u1ecdc l\u1ea1i to\u00e0n b\u1ed9 c\u00e1c ki\u1ebfn th\u1ee9c n\u1ec1n t\u1ea3ng ti\u1ebfng Anh<\/li>\n<li>Giao ti\u1ebfp \u0111\u01b0\u1ee3c nh\u1eefng t\u00ecnh hu\u1ed1ng \u0111\u01a1n gi\u1ea3n<\/li>\n<li>Tr\u1edf n\u00ean y\u00eau th\u00edch v\u00e0 bi\u1ebft c\u00e1ch t\u1ef1 h\u1ecdc<\/li>\n<li>B\u1ea3o h\u00e0nh k\u1ebft qu\u1ea3 \u0111\u1ea7u ra tr\u1ecdn \u0111\u1eddi<\/li>\n<\/ul>\n<p><a href=\"\/en\/khoa-hoc-luyen-thi-ielts\/\">T\u00ecm hi\u1ec3u th\u00eam v\u1ec1 kh\u00f3a h\u1ecdc<\/a><\/p>\n\t<div class=\"img has-hover x md-x lg-x y md-y lg-y\" id=\"image_2109840928\">\n\t\t\t\t\t\t\t\t<div class=\"img-inner dark\" >\n\t\t\t<img loading=\"lazy\" decoding=\"async\" width=\"530\" height=\"325\" src=\"https:\/\/edumaenglish.edu.vn\/wp-content\/uploads\/2019\/10\/khoa-hoc-1.png\" class=\"attachment-large size-large\" alt=\"\" \/>\t\t\t\t\t\t\n\t\t\t\t\t<\/div>\n\t\t\t\t\t\t\t\t\n<style>\n#image_2109840928 {\n  width: 100%;\n}\n<\/style>\n\t<\/div>\n\t\n<a href=\"#dk-tv\" target=\"_self\" class=\"button primary is-large\"  >\n    <span>Nh\u1eadn t\u01b0 v\u1ea5n<\/span>\n  <\/a>\n\n\t\t<\/div>\n\t\t\t\t\n<style>\n#col-368118312 > .col-inner {\n  padding: 0 0px 0px 0px;\n  margin: 0 0px 0px 0px;\n}\n<\/style>\n\t<\/div>\n\n\t\n\n\t<div id=\"col-1265179693\" class=\"col kh kh-2 medium-6 small-12 large-6\"  data-animate=\"bounceInLeft\">\n\t\t\t\t<div class=\"col-inner\"  >\n\t\t\t\n\t\t\t\n<h2>02<\/h2>\n<h3><a href=\"\/en\/tieng-anh-giao-tiep-4-ky-nang\/\">English communication 4 skills<\/a><\/h3>\n<ul>\n<li>H\u1ecdc l\u1ea1i to\u00e0n b\u1ed9 c\u00e1c ki\u1ebfn th\u1ee9c n\u1ec1n t\u1ea3ng ti\u1ebfng Anh<\/li>\n<li>Giao ti\u1ebfp \u0111\u01b0\u1ee3c nh\u1eefng t\u00ecnh hu\u1ed1ng \u0111\u01a1n gi\u1ea3n<\/li>\n<li>Tr\u1edf n\u00ean y\u00eau th\u00edch v\u00e0 bi\u1ebft c\u00e1ch t\u1ef1 h\u1ecdc<\/li>\n<li>B\u1ea3o h\u00e0nh k\u1ebft qu\u1ea3 \u0111\u1ea7u ra tr\u1ecdn \u0111\u1eddi<\/li>\n<\/ul>\n<p><a href=\"\/en\/tieng-anh-giao-tiep-4-ky-nang\/\">T\u00ecm hi\u1ec3u th\u00eam v\u1ec1 kh\u00f3a h\u1ecdc<\/a><\/p>\n\t<div class=\"img has-hover x md-x lg-x y md-y lg-y\" id=\"image_80234343\">\n\t\t\t\t\t\t\t\t<div class=\"img-inner dark\" >\n\t\t\t<img loading=\"lazy\" decoding=\"async\" width=\"530\" height=\"325\" src=\"https:\/\/edumaenglish.edu.vn\/wp-content\/uploads\/2019\/10\/khoa-hoc-0.png\" class=\"attachment-large size-large\" alt=\"\" \/>\t\t\t\t\t\t\n\t\t\t\t\t<\/div>\n\t\t\t\t\t\t\t\t\n<style>\n#image_80234343 {\n  width: 100%;\n}\n<\/style>\n\t<\/div>\n\t\n<a href=\"#dk-tv\" target=\"_self\" class=\"button primary is-large\"  >\n    <span>Nh\u1eadn t\u01b0 v\u1ea5n<\/span>\n  <\/a>\n\n\t\t<\/div>\n\t\t\t\t\n<style>\n#col-1265179693 > .col-inner {\n  padding: 0 0px 0px 0px;\n  margin: 0 0px 0px 0px;\n}\n<\/style>\n\t<\/div>\n\n\t\n\n<style>\n#row-527912095 > .col > .col-inner {\n  padding: 0 0px 0px 0px;\n}\n<\/style>\n<\/div>\n<div class=\"row\"  id=\"row-740773416\">\n\n\t<div id=\"col-944982278\" class=\"col kh kh-1 medium-6 small-12 large-6\"  data-animate=\"bounceInLeft\">\n\t\t\t\t<div class=\"col-inner\"  >\n\t\t\t\n\t\t\t\n<h2>03<\/h2>\n<h3>English for Communication (Ages 6 - 18)<\/h3>\n<ul>\n<li>The learning pathway includes various levels, from basic to advanced:\u00a0<b>Pre-Starters \u2192 Starters \u2192 Movers \u2192 Flyers \u2192 Pioneer \u2192 Leader<\/b>closely aligned with\u00a0<b>Cambridge Young Learners.<\/b>\u00a0It supports students in gradually achieving international certificates such as Starters, Movers, Flyers, KET, PET, and IELTS.<\/li>\n<\/ul>\n<p><a href=\"https:\/\/edumaenglish.edu.vn\/en\/truong-mau-giao-smartkids\/\">T\u00ecm hi\u1ec3u th\u00eam v\u1ec1 kh\u00f3a h\u1ecdc<\/a><\/p>\n\t<div class=\"img has-hover x md-x lg-x y md-y lg-y\" id=\"image_828933908\">\n\t\t\t\t\t\t\t\t<div class=\"img-inner dark\" >\n\t\t\t<img loading=\"lazy\" decoding=\"async\" width=\"1020\" height=\"756\" src=\"https:\/\/edumaenglish.edu.vn\/wp-content\/uploads\/2019\/10\/lop-hoc-5-1080x800.jpg\" class=\"attachment-large size-large\" alt=\"\" srcset=\"https:\/\/edumaenglish.edu.vn\/wp-content\/uploads\/2019\/10\/lop-hoc-5.jpg 1080w, https:\/\/edumaenglish.edu.vn\/wp-content\/uploads\/2019\/10\/lop-hoc-5-540x400.jpg 540w, https:\/\/edumaenglish.edu.vn\/wp-content\/uploads\/2019\/10\/lop-hoc-5-768x569.jpg 768w\" sizes=\"auto, (max-width: 1020px) 100vw, 1020px\" \/>\t\t\t\t\t\t\n\t\t\t\t\t<\/div>\n\t\t\t\t\t\t\t\t\n<style>\n#image_828933908 {\n  width: 100%;\n}\n<\/style>\n\t<\/div>\n\t\n<a href=\"#dk-tv\" target=\"_self\" class=\"button primary is-large\"  >\n    <span>Nh\u1eadn t\u01b0 v\u1ea5n<\/span>\n  <\/a>\n\n\t\t<\/div>\n\t\t\t\t\n<style>\n#col-944982278 > .col-inner {\n  padding: 0 0px 0px 0px;\n  margin: 0 0px 0px 0px;\n}\n<\/style>\n\t<\/div>\n\n\t\n\n\t<div id=\"col-1203440307\" class=\"col kh kh-2 medium-6 small-12 large-6\"  data-animate=\"bounceInLeft\">\n\t\t\t\t<div class=\"col-inner\"  >\n\t\t\t\n\t\t\t\n<h2>04<\/h2>\n<h3><a href=\"https:\/\/edumaenglish.edu.vn\/en\/superkids-children\/\">Ti\u1ebfng Anh T\u0103ng C\u01b0\u1eddng Giao Ti\u1ebfp 6 \u2013 18 tu\u1ed5i<\/a><\/h3>\n<ul>\n<li>\n<p>The learning pathway is systematically structured from\u00a0<b>Starters \u2192 Movers \u2192 Flyers \u2192 Pioneer \u2192 Leader<\/b>, helping students gradually improve their pronunciation, express ideas clearly, and speak persuasively. The modern teaching approach combines language games and situational exercises, enabling students to use English naturally and effectively.<\/p>\n<\/li>\n<\/ul>\n<p><a href=\"https:\/\/edumaenglish.edu.vn\/en\/superkids-children\/\">T\u00ecm hi\u1ec3u th\u00eam v\u1ec1 kh\u00f3a h\u1ecdc<\/a><\/p>\n\t<div class=\"img has-hover x md-x lg-x y md-y lg-y\" id=\"image_283582622\">\n\t\t\t\t\t\t\t\t<div class=\"img-inner dark\" >\n\t\t\t<img loading=\"lazy\" decoding=\"async\" width=\"850\" height=\"560\" src=\"https:\/\/edumaenglish.edu.vn\/wp-content\/uploads\/2022\/07\/blog_image_3.jpg\" class=\"attachment-large size-large\" alt=\"\" srcset=\"https:\/\/edumaenglish.edu.vn\/wp-content\/uploads\/2022\/07\/blog_image_3.jpg 850w, https:\/\/edumaenglish.edu.vn\/wp-content\/uploads\/2022\/07\/blog_image_3-607x400.jpg 607w, https:\/\/edumaenglish.edu.vn\/wp-content\/uploads\/2022\/07\/blog_image_3-768x506.jpg 768w\" sizes=\"auto, (max-width: 850px) 100vw, 850px\" \/>\t\t\t\t\t\t\n\t\t\t\t\t<\/div>\n\t\t\t\t\t\t\t\t\n<style>\n#image_283582622 {\n  width: 100%;\n}\n<\/style>\n\t<\/div>\n\t\n<a href=\"#dk-tv\" target=\"_self\" class=\"button primary is-large\"  >\n    <span>Nh\u1eadn t\u01b0 v\u1ea5n<\/span>\n  <\/a>\n\n\t\t<\/div>\n\t\t\t\t\n<style>\n#col-1203440307 > .col-inner {\n  padding: 0 0px 0px 0px;\n  margin: 0 0px 0px 0px;\n}\n<\/style>\n\t<\/div>\n\n\t\n\n<style>\n#row-740773416 > .col > .col-inner {\n  padding: 0 0px 0px 0px;\n}\n<\/style>\n<\/div>\n<div class=\"row\"  id=\"row-170512819\">\n\n\t<div id=\"col-2045617595\" class=\"col kh kh-1 medium-6 small-12 large-6\"  data-animate=\"bounceInLeft\">\n\t\t\t\t<div class=\"col-inner\"  >\n\t\t\t\n\t\t\t\n<h2>05<\/h2>\n<h3><a href=\"https:\/\/edumaenglish.edu.vn\/en\/young-leaders-english\/\">English for School Exams (Ages 6 - 18)<\/a><\/h3>\n<ul>\n<li>The program is divided into three levels:\u00a0<b>Primary \u2192 Secondary \u2192 High School<\/b>with in-depth content and effective teaching methods. Students practice through hands-on exercises, regular assessments, and receive support in preparing for key exams such as\u00a0<b>semester tests, entrance exams, and university admission exams.<\/b><\/li>\n<\/ul>\n<p><a href=\"https:\/\/edumaenglish.edu.vn\/en\/young-leaders-english\/\">T\u00ecm hi\u1ec3u th\u00eam v\u1ec1 kh\u00f3a h\u1ecdc<\/a><\/p>\n\t<div class=\"img has-hover x md-x lg-x y md-y lg-y\" id=\"image_885035786\">\n\t\t\t\t\t\t\t\t<div class=\"img-inner dark\" >\n\t\t\t<img loading=\"lazy\" decoding=\"async\" width=\"800\" height=\"800\" src=\"https:\/\/edumaenglish.edu.vn\/wp-content\/uploads\/2025\/06\/program-2.png\" class=\"attachment-large size-large\" alt=\"\" srcset=\"https:\/\/edumaenglish.edu.vn\/wp-content\/uploads\/2025\/06\/program-2.png 800w, https:\/\/edumaenglish.edu.vn\/wp-content\/uploads\/2025\/06\/program-2-400x400.png 400w, https:\/\/edumaenglish.edu.vn\/wp-content\/uploads\/2025\/06\/program-2-280x280.png 280w, https:\/\/edumaenglish.edu.vn\/wp-content\/uploads\/2025\/06\/program-2-768x768.png 768w, https:\/\/edumaenglish.edu.vn\/wp-content\/uploads\/2025\/06\/program-2-12x12.png 12w\" sizes=\"auto, (max-width: 800px) 100vw, 800px\" \/>\t\t\t\t\t\t\n\t\t\t\t\t<\/div>\n\t\t\t\t\t\t\t\t\n<style>\n#image_885035786 {\n  width: 100%;\n}\n<\/style>\n\t<\/div>\n\t\n<a href=\"#dk-tv\" target=\"_self\" class=\"button primary is-large\"  >\n    <span>Nh\u1eadn t\u01b0 v\u1ea5n<\/span>\n  <\/a>\n\n\t\t<\/div>\n\t\t\t\t\n<style>\n#col-2045617595 > .col-inner {\n  padding: 0 0px 0px 0px;\n  margin: 0 0px 0px 0px;\n}\n<\/style>\n\t<\/div>\n\n\t\n\n\t<div id=\"col-1683965187\" class=\"col kh kh-2 medium-6 small-12 large-6\"  data-animate=\"bounceInLeft\">\n\t\t\t\t<div class=\"col-inner\"  >\n\t\t\t\n\t\t\t\n<h2>06<\/h2>\n<h3><a href=\"https:\/\/edumaenglish.edu.vn\/en\/khoa-hoc-luyen-thi-ielts\/\">Business English<\/a><\/h3>\n<ul>\n<li>\n<p><b>TOEIC 500, 650, 650+ level:<\/b>\u00a0Intensive practice on test questions and full exposure to all test question types. The program consists of 10 units per course, with each unit including one practice test in class and one at home, optimizing real test experiences.<\/p>\n<p>\ud83d\udd39\u00a0T\u00edch l\u0169y t\u1eeb v\u1ef1ng &amp; c\u1ea5u tr\u00fac th\u01b0\u1eddng g\u1eb7p trong \u0111\u1ec1 thi.<\/p>\n<\/li>\n<li>\u00a0<\/li>\n<\/ul>\n<p><a href=\"https:\/\/edumaenglish.edu.vn\/en\/khoa-hoc-luyen-thi-ielts\/\">T\u00ecm hi\u1ec3u th\u00eam v\u1ec1 kh\u00f3a h\u1ecdc<\/a><\/p>\n\t<div class=\"img has-hover x md-x lg-x y md-y lg-y\" id=\"image_68459699\">\n\t\t\t\t\t\t\t\t<div class=\"img-inner dark\" >\n\t\t\t<img loading=\"lazy\" decoding=\"async\" width=\"648\" height=\"599\" src=\"https:\/\/edumaenglish.edu.vn\/wp-content\/uploads\/2025\/06\/cong-viec-2.png\" class=\"attachment-large size-large\" alt=\"\" srcset=\"https:\/\/edumaenglish.edu.vn\/wp-content\/uploads\/2025\/06\/cong-viec-2.png 648w, https:\/\/edumaenglish.edu.vn\/wp-content\/uploads\/2025\/06\/cong-viec-2-433x400.png 433w\" sizes=\"auto, (max-width: 648px) 100vw, 648px\" \/>\t\t\t\t\t\t\n\t\t\t\t\t<\/div>\n\t\t\t\t\t\t\t\t\n<style>\n#image_68459699 {\n  width: 100%;\n}\n<\/style>\n\t<\/div>\n\t\n<a href=\"#dk-tv\" target=\"_self\" class=\"button primary is-large\"  >\n    <span>Nh\u1eadn t\u01b0 v\u1ea5n<\/span>\n  <\/a>\n\n\t\t<\/div>\n\t\t\t\t\n<style>\n#col-1683965187 > .col-inner {\n  padding: 0 0px 0px 0px;\n  margin: 0 0px 0px 0px;\n}\n<\/style>\n\t<\/div>\n\n\t\n\n<style>\n#row-170512819 > .col > .col-inner {\n  padding: 0 0px 0px 0px;\n}\n<\/style>\n<\/div>\n\t\t<\/div>\n\n\t\t\n<style>\n#section_1518889022 {\n  padding-top: 0px;\n  padding-bottom: 0px;\n  margin-bottom: 0px;\n}\n#section_1518889022 .ux-shape-divider--top svg {\n  height: 150px;\n  --divider-top-width: 100%;\n}\n#section_1518889022 .ux-shape-divider--bottom svg {\n  height: 150px;\n  --divider-width: 100%;\n}\n<\/style>\n\t<\/section>\n\t\n<span class=\"scroll-to\" data-label=\"Scroll to: #dk-tv\" data-bullet=\"false\" data-link=\"#dk-tv\" data-title=\"\u0110\u0103ng k\u00fd t\u01b0 v\u1ea5n\"><a name=\"dk-tv\"><\/a><\/span>\n\t<section class=\"section dang-ky dark\" id=\"section_1093798537\">\n\t\t<div class=\"bg section-bg fill bg-fill\" >\n\n\t\t\t\n\t\t\t\n\t\t\t\n\n\t\t<\/div>\n\n\t\t\n\n\t\t<div class=\"section-content relative\">\n\t\t\t\n\t<div id=\"gap-864186860\" class=\"gap-element clearfix\" style=\"display:block; height:auto;\">\n\t\t\n<style>\n#gap-864186860 {\n  padding-top: 50px;\n}\n<\/style>\n\t<\/div>\n\t\n<div class=\"row\" style=\"max-width:800px\" id=\"row-1490918890\">\n\n\t<div id=\"col-290928520\" class=\"col small-12 large-12\"  data-animate=\"bounceInLeft\">\n\t\t\t\t<div class=\"col-inner text-center\"  >\n\t\t\t\n\t\t\t\n<h2>SIGN UP FOR CONSULTATION<\/h2>\n<p>(Register now to experience the English communication learning system that has helped more than 100,000 students succeed on their journey to conquer English. And now, it's your turn...)<\/p>\n\t<div id=\"gap-569312025\" class=\"gap-element clearfix\" style=\"display:block; height:auto;\">\n\t\t\n<style>\n#gap-569312025 {\n  padding-top: 5px;\n}\n<\/style>\n\t<\/div>\n\t\n<p style=\"display: none;\"><script type=\"text\/javascript\">var submitted = false;\n<\/script><\/p>\n<p style=\"display: none;\"><iframe name=\"hidden_iframe\" id=\"hidden_iframe\" style=\"display:none;\" onload=\"if(submitted) {window.location='\/thanh-cong';}\"><\/iframe><\/p>\n<form action=\"https:\/\/docs.google.com\/forms\/d\/e\/1FAIpQLSfGVprdbXhYvePcPG0VGE71Z4RRTrvBdt5p5Cxlvc3oRNEOEw\/formResponse\" method=\"post\" target=\"hidden_iframe\" onsubmit=\"submitted=true;\">\n<div class=\"row\">\n<div class=\"col medium-6 small-12 large-6\"><input type=\"text\" name=\"entry.1763263702\" value=\"\" required=\"\" placeholder=\"H\u1ecd t\u00ean\" title=\"H\u1ecd t\u00ean\"><\/div>\n<div class=\"col medium-6 small-12 large-6\"><input type=\"text\" name=\"entry.1823476857\" value=\"\" required=\"\" placeholder=\"Phone number\" title=\"Phone number\"><\/div>\n<div class=\"col medium-6 small-12 large-6\"><input type=\"text\" name=\"entry.1743211371\" value=\"\" required=\"\" placeholder=\"\u0110\u1ecba ch\u1ec9 Email\" title=\"\u0110\u1ecba ch\u1ec9 Email\"><\/div>\n<div class=\"col medium-6 small-12 large-6\"><select name=\"entry.1551407332\" required=\"\" title=\"Ch\u1ecdn c\u01a1 s\u1edf g\u1ea7n b\u1ea1n nh\u1ea5t\"><option value=\"\">Ch\u1ecdn c\u01a1 s\u1edf g\u1ea7n b\u1ea1n nh\u1ea5t<\/option><option value=\"C\u01a1 S\u1edf Ch\u00f9a L\u00e1ng\">C\u01a1 S\u1edf Ch\u00f9a L\u00e1ng<\/option><option value=\"C\u01a1 S\u1edf C\u1ea7u Gi\u1ea5y\">C\u01a1 S\u1edf C\u1ea7u Gi\u1ea5y<\/option><option value=\"C\u01a1 S\u1edf H\u00e0 \u0110\u00f4ng\">C\u01a1 S\u1edf H\u00e0 \u0110\u00f4ng<\/option><\/select><\/div>\n<div class=\"col medium-12 small-12 large-12\"><button type=\"submit\" name=\"submit\">\u0110\u0102NG K\u00dd NGAY<\/button><\/div>\n<\/div>\n<\/form>\n\t\t<\/div>\n\t\t\t\t\n<style>\n#col-290928520 > .col-inner {\n  padding: 0 0px 0px 0px;\n  margin: 0 0px 0px 0px;\n}\n<\/style>\n\t<\/div>\n\n\t\n\n<style>\n#row-1490918890 > .col > .col-inner {\n  padding: 0 0px 0px 0px;\n}\n<\/style>\n<\/div>\n\t\t<\/div>\n\n\t\t\n<style>\n#section_1093798537 {\n  padding-top: 0px;\n  padding-bottom: 0px;\n  margin-bottom: 0px;\n}\n#section_1093798537 .section-bg.bg-loaded {\n  background-image: url(https:\/\/edumaenglish.edu.vn\/wp-content\/uploads\/2019\/10\/bg-dk.png);\n}\n#section_1093798537 .ux-shape-divider--top svg {\n  height: 150px;\n  --divider-top-width: 100%;\n}\n#section_1093798537 .ux-shape-divider--bottom svg {\n  height: 150px;\n  --divider-width: 100%;\n}\n<\/style>\n\t<\/section>","protected":false},"excerpt":{"rendered":"","protected":false},"author":1,"featured_media":0,"parent":0,"menu_order":0,"comment_status":"closed","ping_status":"closed","template":"page-blank.php","meta":{"footnotes":""},"class_list":["post-83","page","type-page","status-publish","hentry"],"_links":{"self":[{"href":"https:\/\/edumaenglish.edu.vn\/en\/wp-json\/wp\/v2\/pages\/83","targetHints":{"allow":["GET"]}}],"collection":[{"href":"https:\/\/edumaenglish.edu.vn\/en\/wp-json\/wp\/v2\/pages"}],"about":[{"href":"https:\/\/edumaenglish.edu.vn\/en\/wp-json\/wp\/v2\/types\/page"}],"author":[{"embeddable":true,"href":"https:\/\/edumaenglish.edu.vn\/en\/wp-json\/wp\/v2\/users\/1"}],"replies":[{"embeddable":true,"href":"https:\/\/edumaenglish.edu.vn\/en\/wp-json\/wp\/v2\/comments?post=83"}],"version-history":[{"count":5,"href":"https:\/\/edumaenglish.edu.vn\/en\/wp-json\/wp\/v2\/pages\/83\/revisions"}],"predecessor-version":[{"id":3292,"href":"https:\/\/edumaenglish.edu.vn\/en\/wp-json\/wp\/v2\/pages\/83\/revisions\/3292"}],"wp:attachment":[{"href":"https:\/\/edumaenglish.edu.vn\/en\/wp-json\/wp\/v2\/media?parent=83"}],"curies":[{"name":"wp","href":"https:\/\/api.w.org\/{rel}","templated":true}]}}